{"id":14027,"date":"2018-05-17T13:30:04","date_gmt":"2018-05-18T07:30:45","guid":{"rendered":"https:\/\/www.carolineswolfs.be\/?post_type=product&#038;p=14027"},"modified":"2023-12-09T16:31:28","modified_gmt":"2023-12-09T16:31:28","slug":"la-goutte-multiple-3-chain-earrings-fr","status":"publish","type":"product","link":"https:\/\/www.carolineswolfs.be\/fr\/produit\/la-goutte-multiple-3-chain-earrings-fr\/","title":{"rendered":"La goutte multiple 3 chain earrings"},"content":{"rendered":"<p>\u00a9 Caroline Swolfs<\/p>\n","protected":false},"excerpt":{"rendered":"<p>Chaque petite goutte de la collection la goutte multiple mesure 6 mm sur 5 mm. Les boucles d\u2019oreilles ont une longueur de 4,5 cm.<\/p>\n<p>Cette pi\u00e8ce fait partie de la collection CS Line.<\/p>\n<form><\/form>\n<p>Le prix peut varier selon la mati\u00e8re. Faites votre s\u00e9lection afin de voir le prix.<\/p>\n","protected":false},"featured_media":13993,"template":"","meta":{"_et_pb_use_builder":"","_et_pb_old_content":"","_et_gb_content_width":"","_mi_skip_tracking":false,"_exactmetrics_sitenote_active":false,"_exactmetrics_sitenote_note":"","_exactmetrics_sitenote_category":0},"product_cat":[167,337],"product_tag":[343],"class_list":["post-14027","product","type-product","status-publish","has-post-thumbnail","hentry","product_cat-boucles-d-oreilles","product_cat-cs-line-fr","product_tag-la-goutte-multiple-fr"],"yoast_head":"<!-- This site is optimized with the Yoast SEO plugin v25.3.1 - https:\/\/yoast.com\/wordpress\/plugins\/seo\/ -->\n<title>La goutte multiple 3 chain earrings - Caroline Swolfs<\/title>\n<meta name=\"robots\" content=\"index, follow, max-snippet:-1, max-image-preview:large, max-video-preview:-1\" \/>\n<link rel=\"canonical\" href=\"https:\/\/www.carolineswolfs.be\/fr\/produit\/la-goutte-multiple-3-chain-earrings-fr\/\" \/>\n<meta property=\"og:locale\" content=\"fr_FR\" \/>\n<meta property=\"og:type\" content=\"article\" \/>\n<meta property=\"og:title\" content=\"La goutte multiple 3 chain earrings - Caroline Swolfs\" \/>\n<meta property=\"og:description\" content=\"Chaque petite goutte de la collection la goutte multiple mesure 6 mm sur 5 mm. Les boucles d\u2019oreilles ont une longueur de 4,5 cm.  Cette pi\u00e8ce fait partie de la collection CS Line.  Le prix peut varier selon la mati\u00e8re. Faites votre s\u00e9lection afin de voir le prix.\" \/>\n<meta property=\"og:url\" content=\"https:\/\/www.carolineswolfs.be\/fr\/produit\/la-goutte-multiple-3-chain-earrings-fr\/\" \/>\n<meta property=\"og:site_name\" content=\"Caroline Swolfs\" \/>\n<meta property=\"article:modified_time\" content=\"2023-12-09T16:31:28+00:00\" \/>\n<meta property=\"og:image\" content=\"https:\/\/www.carolineswolfs.be\/wp-content\/uploads\/2018\/05\/La_goutte_multiple_3_chain_earrings_2000x1760_N_B.jpg\" \/>\n\t<meta property=\"og:image:width\" content=\"2000\" \/>\n\t<meta property=\"og:image:height\" content=\"1760\" \/>\n\t<meta property=\"og:image:type\" content=\"image\/jpeg\" \/>\n<meta name=\"twitter:card\" content=\"summary_large_image\" \/>\n<meta name=\"twitter:label1\" content=\"Dur\u00e9e de lecture estim\u00e9e\" \/>\n\t<meta name=\"twitter:data1\" content=\"1 minute\" \/>\n<script type=\"application\/ld+json\" class=\"yoast-schema-graph\">{\"@context\":\"https:\/\/schema.org\",\"@graph\":[{\"@type\":\"WebPage\",\"@id\":\"https:\/\/www.carolineswolfs.be\/fr\/produit\/la-goutte-multiple-3-chain-earrings-fr\/\",\"url\":\"https:\/\/www.carolineswolfs.be\/fr\/produit\/la-goutte-multiple-3-chain-earrings-fr\/\",\"name\":\"La goutte multiple 3 chain earrings - Caroline Swolfs\",\"isPartOf\":{\"@id\":\"https:\/\/www.carolineswolfs.be\/fr\/#website\"},\"primaryImageOfPage\":{\"@id\":\"https:\/\/www.carolineswolfs.be\/fr\/produit\/la-goutte-multiple-3-chain-earrings-fr\/#primaryimage\"},\"image\":{\"@id\":\"https:\/\/www.carolineswolfs.be\/fr\/produit\/la-goutte-multiple-3-chain-earrings-fr\/#primaryimage\"},\"thumbnailUrl\":\"https:\/\/www.carolineswolfs.be\/wp-content\/uploads\/2018\/05\/La_goutte_multiple_3_chain_earrings_2000x1760_N_B.jpg\",\"datePublished\":\"2018-05-18T07:30:45+00:00\",\"dateModified\":\"2023-12-09T16:31:28+00:00\",\"breadcrumb\":{\"@id\":\"https:\/\/www.carolineswolfs.be\/fr\/produit\/la-goutte-multiple-3-chain-earrings-fr\/#breadcrumb\"},\"inLanguage\":\"fr-FR\",\"potentialAction\":[{\"@type\":\"ReadAction\",\"target\":[\"https:\/\/www.carolineswolfs.be\/fr\/produit\/la-goutte-multiple-3-chain-earrings-fr\/\"]}]},{\"@type\":\"ImageObject\",\"inLanguage\":\"fr-FR\",\"@id\":\"https:\/\/www.carolineswolfs.be\/fr\/produit\/la-goutte-multiple-3-chain-earrings-fr\/#primaryimage\",\"url\":\"https:\/\/www.carolineswolfs.be\/wp-content\/uploads\/2018\/05\/La_goutte_multiple_3_chain_earrings_2000x1760_N_B.jpg\",\"contentUrl\":\"https:\/\/www.carolineswolfs.be\/wp-content\/uploads\/2018\/05\/La_goutte_multiple_3_chain_earrings_2000x1760_N_B.jpg\",\"width\":2000,\"height\":1760},{\"@type\":\"BreadcrumbList\",\"@id\":\"https:\/\/www.carolineswolfs.be\/fr\/produit\/la-goutte-multiple-3-chain-earrings-fr\/#breadcrumb\",\"itemListElement\":[{\"@type\":\"ListItem\",\"position\":1,\"name\":\"Accueil\",\"item\":\"https:\/\/www.carolineswolfs.be\/fr\/\"},{\"@type\":\"ListItem\",\"position\":2,\"name\":\"Boutique\",\"item\":\"https:\/\/www.carolineswolfs.be\/fr\/?page_id=13760\"},{\"@type\":\"ListItem\",\"position\":3,\"name\":\"La goutte multiple 3 chain earrings\"}]},{\"@type\":\"WebSite\",\"@id\":\"https:\/\/www.carolineswolfs.be\/fr\/#website\",\"url\":\"https:\/\/www.carolineswolfs.be\/fr\/\",\"name\":\"Caroline Swolfs\",\"description\":\"Belgian Jewellery\",\"potentialAction\":[{\"@type\":\"SearchAction\",\"target\":{\"@type\":\"EntryPoint\",\"urlTemplate\":\"https:\/\/www.carolineswolfs.be\/fr\/?s={search_term_string}\"},\"query-input\":{\"@type\":\"PropertyValueSpecification\",\"valueRequired\":true,\"valueName\":\"search_term_string\"}}],\"inLanguage\":\"fr-FR\"}]}<\/script>\n<!-- \/ Yoast SEO plugin. -->","yoast_head_json":{"title":"La goutte multiple 3 chain earrings - Caroline Swolfs","robots":{"index":"index","follow":"follow","max-snippet":"max-snippet:-1","max-image-preview":"max-image-preview:large","max-video-preview":"max-video-preview:-1"},"canonical":"https:\/\/www.carolineswolfs.be\/fr\/produit\/la-goutte-multiple-3-chain-earrings-fr\/","og_locale":"fr_FR","og_type":"article","og_title":"La goutte multiple 3 chain earrings - Caroline Swolfs","og_description":"Chaque petite goutte de la collection la goutte multiple mesure 6 mm sur 5 mm. Les boucles d\u2019oreilles ont une longueur de 4,5 cm.  Cette pi\u00e8ce fait partie de la collection CS Line.  Le prix peut varier selon la mati\u00e8re. Faites votre s\u00e9lection afin de voir le prix.","og_url":"https:\/\/www.carolineswolfs.be\/fr\/produit\/la-goutte-multiple-3-chain-earrings-fr\/","og_site_name":"Caroline Swolfs","article_modified_time":"2023-12-09T16:31:28+00:00","og_image":[{"width":2000,"height":1760,"url":"https:\/\/www.carolineswolfs.be\/wp-content\/uploads\/2018\/05\/La_goutte_multiple_3_chain_earrings_2000x1760_N_B.jpg","type":"image\/jpeg"}],"twitter_card":"summary_large_image","twitter_misc":{"Dur\u00e9e de lecture estim\u00e9e":"1 minute"},"schema":{"@context":"https:\/\/schema.org","@graph":[{"@type":"WebPage","@id":"https:\/\/www.carolineswolfs.be\/fr\/produit\/la-goutte-multiple-3-chain-earrings-fr\/","url":"https:\/\/www.carolineswolfs.be\/fr\/produit\/la-goutte-multiple-3-chain-earrings-fr\/","name":"La goutte multiple 3 chain earrings - Caroline Swolfs","isPartOf":{"@id":"https:\/\/www.carolineswolfs.be\/fr\/#website"},"primaryImageOfPage":{"@id":"https:\/\/www.carolineswolfs.be\/fr\/produit\/la-goutte-multiple-3-chain-earrings-fr\/#primaryimage"},"image":{"@id":"https:\/\/www.carolineswolfs.be\/fr\/produit\/la-goutte-multiple-3-chain-earrings-fr\/#primaryimage"},"thumbnailUrl":"https:\/\/www.carolineswolfs.be\/wp-content\/uploads\/2018\/05\/La_goutte_multiple_3_chain_earrings_2000x1760_N_B.jpg","datePublished":"2018-05-18T07:30:45+00:00","dateModified":"2023-12-09T16:31:28+00:00","breadcrumb":{"@id":"https:\/\/www.carolineswolfs.be\/fr\/produit\/la-goutte-multiple-3-chain-earrings-fr\/#breadcrumb"},"inLanguage":"fr-FR","potentialAction":[{"@type":"ReadAction","target":["https:\/\/www.carolineswolfs.be\/fr\/produit\/la-goutte-multiple-3-chain-earrings-fr\/"]}]},{"@type":"ImageObject","inLanguage":"fr-FR","@id":"https:\/\/www.carolineswolfs.be\/fr\/produit\/la-goutte-multiple-3-chain-earrings-fr\/#primaryimage","url":"https:\/\/www.carolineswolfs.be\/wp-content\/uploads\/2018\/05\/La_goutte_multiple_3_chain_earrings_2000x1760_N_B.jpg","contentUrl":"https:\/\/www.carolineswolfs.be\/wp-content\/uploads\/2018\/05\/La_goutte_multiple_3_chain_earrings_2000x1760_N_B.jpg","width":2000,"height":1760},{"@type":"BreadcrumbList","@id":"https:\/\/www.carolineswolfs.be\/fr\/produit\/la-goutte-multiple-3-chain-earrings-fr\/#breadcrumb","itemListElement":[{"@type":"ListItem","position":1,"name":"Accueil","item":"https:\/\/www.carolineswolfs.be\/fr\/"},{"@type":"ListItem","position":2,"name":"Boutique","item":"https:\/\/www.carolineswolfs.be\/fr\/?page_id=13760"},{"@type":"ListItem","position":3,"name":"La goutte multiple 3 chain earrings"}]},{"@type":"WebSite","@id":"https:\/\/www.carolineswolfs.be\/fr\/#website","url":"https:\/\/www.carolineswolfs.be\/fr\/","name":"Caroline Swolfs","description":"Belgian Jewellery","potentialAction":[{"@type":"SearchAction","target":{"@type":"EntryPoint","urlTemplate":"https:\/\/www.carolineswolfs.be\/fr\/?s={search_term_string}"},"query-input":{"@type":"PropertyValueSpecification","valueRequired":true,"valueName":"search_term_string"}}],"inLanguage":"fr-FR"}]}},"_links":{"self":[{"href":"https:\/\/www.carolineswolfs.be\/fr\/wp-json\/wp\/v2\/product\/14027","targetHints":{"allow":["GET"]}}],"collection":[{"href":"https:\/\/www.carolineswolfs.be\/fr\/wp-json\/wp\/v2\/product"}],"about":[{"href":"https:\/\/www.carolineswolfs.be\/fr\/wp-json\/wp\/v2\/types\/product"}],"wp:featuredmedia":[{"embeddable":true,"href":"https:\/\/www.carolineswolfs.be\/fr\/wp-json\/wp\/v2\/media\/13993"}],"wp:attachment":[{"href":"https:\/\/www.carolineswolfs.be\/fr\/wp-json\/wp\/v2\/media?parent=14027"}],"wp:term":[{"taxonomy":"product_cat","embeddable":true,"href":"https:\/\/www.carolineswolfs.be\/fr\/wp-json\/wp\/v2\/product_cat?post=14027"},{"taxonomy":"product_tag","embeddable":true,"href":"https:\/\/www.carolineswolfs.be\/fr\/wp-json\/wp\/v2\/product_tag?post=14027"}],"curies":[{"name":"wp","href":"https:\/\/api.w.org\/{rel}","templated":true}]}}