{"id":14214,"date":"2018-08-31T16:41:52","date_gmt":"2018-08-31T16:41:56","guid":{"rendered":"https:\/\/www.carolineswolfs.be\/?post_type=product&#038;p=14214"},"modified":"2023-08-03T08:59:09","modified_gmt":"2023-08-03T08:59:09","slug":"dew-droplets-with-stones-ring","status":"publish","type":"product","link":"https:\/\/www.carolineswolfs.be\/fr\/produit\/dew-droplets-with-stones-ring\/","title":{"rendered":"Dew Droplets ring with stones"},"content":{"rendered":"<p>\u00a9 Caroline Swolfs<\/p>\n","protected":false},"excerpt":{"rendered":"<p>La partie sup\u00e9rieure de la bague a une dimension de 20 mm sur 15 mm. L&#8217;anneau de bague a une largeur de 2,5 mm. Cette bague est propos\u00e9e avec 12 pierres de 3mm, des tourmalines roses ou vertes de tons diff\u00e9rents, des csarites, des iolites ou des grenats roses, toutes des pierres semi-pr\u00e9cieuses. D&#8217;autres combinaisons de pierres sont possibles en demande sp\u00e9cifique.<\/p>\n<p>Cette pi\u00e8ce fait partie de la collection The Drop.<\/p>\n<p><i class=\"fa fa-info-circle\"><\/i> Vous n&#8217;\u00eates pas certain de votre taille de bague? Veuillez consultez le <a href=\"\/ringsizesguides\/CS_ringguide-fr.pdf\">guide des tailles<\/a>.<\/p>\n<p>Pour toute demande sp\u00e9cifique, veuillez <a href=\"\/?page_id=559\">nous contacter<\/a>.<\/p>\n<p>Le prix peut varier selon la mati\u00e8re, la finition et la taille s\u00e9lectionn\u00e9es. Faites votre s\u00e9lection afin de voir le prix.<\/p>\n","protected":false},"featured_media":15350,"template":"","meta":{"_et_pb_use_builder":"off","_et_pb_old_content":"\u00a9 Caroline Swolfs","_et_gb_content_width":"","_mi_skip_tracking":false,"_exactmetrics_sitenote_active":false,"_exactmetrics_sitenote_note":"","_exactmetrics_sitenote_category":0},"product_cat":[83,334],"product_tag":[368],"class_list":["post-14214","product","type-product","status-publish","has-post-thumbnail","hentry","product_cat-bagues","product_cat-the-drop-fr","product_tag-colores-fr"],"yoast_head":"<!-- This site is optimized with the Yoast SEO plugin v25.3.1 - https:\/\/yoast.com\/wordpress\/plugins\/seo\/ -->\n<title>Dew Droplets ring with stones - Caroline Swolfs<\/title>\n<meta name=\"robots\" content=\"index, follow, max-snippet:-1, max-image-preview:large, max-video-preview:-1\" \/>\n<link rel=\"canonical\" href=\"https:\/\/www.carolineswolfs.be\/fr\/produit\/dew-droplets-with-stones-ring\/\" \/>\n<meta property=\"og:locale\" content=\"fr_FR\" \/>\n<meta property=\"og:type\" content=\"article\" \/>\n<meta property=\"og:title\" content=\"Dew Droplets ring with stones - Caroline Swolfs\" \/>\n<meta property=\"og:description\" content=\"La partie sup\u00e9rieure de la bague a une dimension de 20 mm sur 15 mm. L&#039;anneau de bague a une largeur de 2,5 mm. Cette bague est propos\u00e9e avec 12 pierres de 3mm, des tourmalines roses ou vertes de tons diff\u00e9rents, des csarites, des iolites ou des grenats roses, toutes des pierres semi-pr\u00e9cieuses. D&#039;autres combinaisons de pierres sont possibles en demande sp\u00e9cifique.  Cette pi\u00e8ce fait partie de la collection The Drop.   Vous n&#039;\u00eates pas certain de votre taille de bague? Veuillez consultez le guide des tailles.  Pour toute demande sp\u00e9cifique, veuillez nous contacter.  Le prix peut varier selon la mati\u00e8re, la finition et la taille s\u00e9lectionn\u00e9es. Faites votre s\u00e9lection afin de voir le prix.\" \/>\n<meta property=\"og:url\" content=\"https:\/\/www.carolineswolfs.be\/fr\/produit\/dew-droplets-with-stones-ring\/\" \/>\n<meta property=\"og:site_name\" content=\"Caroline Swolfs\" \/>\n<meta property=\"article:modified_time\" content=\"2023-08-03T08:59:09+00:00\" \/>\n<meta property=\"og:image\" content=\"https:\/\/www.carolineswolfs.be\/wp-content\/uploads\/2018\/08\/dew-drop-pink-tourmalines-2000x1760bis.jpg\" \/>\n\t<meta property=\"og:image:width\" content=\"2000\" \/>\n\t<meta property=\"og:image:height\" content=\"1760\" \/>\n\t<meta property=\"og:image:type\" content=\"image\/jpeg\" \/>\n<meta name=\"twitter:card\" content=\"summary_large_image\" \/>\n<script type=\"application\/ld+json\" class=\"yoast-schema-graph\">{\"@context\":\"https:\/\/schema.org\",\"@graph\":[{\"@type\":\"WebPage\",\"@id\":\"https:\/\/www.carolineswolfs.be\/fr\/produit\/dew-droplets-with-stones-ring\/\",\"url\":\"https:\/\/www.carolineswolfs.be\/fr\/produit\/dew-droplets-with-stones-ring\/\",\"name\":\"Dew Droplets ring with stones - Caroline Swolfs\",\"isPartOf\":{\"@id\":\"https:\/\/www.carolineswolfs.be\/fr\/#website\"},\"primaryImageOfPage\":{\"@id\":\"https:\/\/www.carolineswolfs.be\/fr\/produit\/dew-droplets-with-stones-ring\/#primaryimage\"},\"image\":{\"@id\":\"https:\/\/www.carolineswolfs.be\/fr\/produit\/dew-droplets-with-stones-ring\/#primaryimage\"},\"thumbnailUrl\":\"https:\/\/www.carolineswolfs.be\/wp-content\/uploads\/2018\/08\/dew-drop-pink-tourmalines-2000x1760bis.jpg\",\"datePublished\":\"2018-08-31T16:41:56+00:00\",\"dateModified\":\"2023-08-03T08:59:09+00:00\",\"breadcrumb\":{\"@id\":\"https:\/\/www.carolineswolfs.be\/fr\/produit\/dew-droplets-with-stones-ring\/#breadcrumb\"},\"inLanguage\":\"fr-FR\",\"potentialAction\":[{\"@type\":\"ReadAction\",\"target\":[\"https:\/\/www.carolineswolfs.be\/fr\/produit\/dew-droplets-with-stones-ring\/\"]}]},{\"@type\":\"ImageObject\",\"inLanguage\":\"fr-FR\",\"@id\":\"https:\/\/www.carolineswolfs.be\/fr\/produit\/dew-droplets-with-stones-ring\/#primaryimage\",\"url\":\"https:\/\/www.carolineswolfs.be\/wp-content\/uploads\/2018\/08\/dew-drop-pink-tourmalines-2000x1760bis.jpg\",\"contentUrl\":\"https:\/\/www.carolineswolfs.be\/wp-content\/uploads\/2018\/08\/dew-drop-pink-tourmalines-2000x1760bis.jpg\",\"width\":2000,\"height\":1760},{\"@type\":\"BreadcrumbList\",\"@id\":\"https:\/\/www.carolineswolfs.be\/fr\/produit\/dew-droplets-with-stones-ring\/#breadcrumb\",\"itemListElement\":[{\"@type\":\"ListItem\",\"position\":1,\"name\":\"Accueil\",\"item\":\"https:\/\/www.carolineswolfs.be\/fr\/\"},{\"@type\":\"ListItem\",\"position\":2,\"name\":\"Boutique\",\"item\":\"https:\/\/www.carolineswolfs.be\/fr\/?page_id=13760\"},{\"@type\":\"ListItem\",\"position\":3,\"name\":\"Dew Droplets ring with stones\"}]},{\"@type\":\"WebSite\",\"@id\":\"https:\/\/www.carolineswolfs.be\/fr\/#website\",\"url\":\"https:\/\/www.carolineswolfs.be\/fr\/\",\"name\":\"Caroline Swolfs\",\"description\":\"Belgian Jewellery\",\"potentialAction\":[{\"@type\":\"SearchAction\",\"target\":{\"@type\":\"EntryPoint\",\"urlTemplate\":\"https:\/\/www.carolineswolfs.be\/fr\/?s={search_term_string}\"},\"query-input\":{\"@type\":\"PropertyValueSpecification\",\"valueRequired\":true,\"valueName\":\"search_term_string\"}}],\"inLanguage\":\"fr-FR\"}]}<\/script>\n<!-- \/ Yoast SEO plugin. -->","yoast_head_json":{"title":"Dew Droplets ring with stones - Caroline Swolfs","robots":{"index":"index","follow":"follow","max-snippet":"max-snippet:-1","max-image-preview":"max-image-preview:large","max-video-preview":"max-video-preview:-1"},"canonical":"https:\/\/www.carolineswolfs.be\/fr\/produit\/dew-droplets-with-stones-ring\/","og_locale":"fr_FR","og_type":"article","og_title":"Dew Droplets ring with stones - Caroline Swolfs","og_description":"La partie sup\u00e9rieure de la bague a une dimension de 20 mm sur 15 mm. L'anneau de bague a une largeur de 2,5 mm. Cette bague est propos\u00e9e avec 12 pierres de 3mm, des tourmalines roses ou vertes de tons diff\u00e9rents, des csarites, des iolites ou des grenats roses, toutes des pierres semi-pr\u00e9cieuses. D'autres combinaisons de pierres sont possibles en demande sp\u00e9cifique.  Cette pi\u00e8ce fait partie de la collection The Drop.   Vous n'\u00eates pas certain de votre taille de bague? Veuillez consultez le guide des tailles.  Pour toute demande sp\u00e9cifique, veuillez nous contacter.  Le prix peut varier selon la mati\u00e8re, la finition et la taille s\u00e9lectionn\u00e9es. Faites votre s\u00e9lection afin de voir le prix.","og_url":"https:\/\/www.carolineswolfs.be\/fr\/produit\/dew-droplets-with-stones-ring\/","og_site_name":"Caroline Swolfs","article_modified_time":"2023-08-03T08:59:09+00:00","og_image":[{"width":2000,"height":1760,"url":"https:\/\/www.carolineswolfs.be\/wp-content\/uploads\/2018\/08\/dew-drop-pink-tourmalines-2000x1760bis.jpg","type":"image\/jpeg"}],"twitter_card":"summary_large_image","schema":{"@context":"https:\/\/schema.org","@graph":[{"@type":"WebPage","@id":"https:\/\/www.carolineswolfs.be\/fr\/produit\/dew-droplets-with-stones-ring\/","url":"https:\/\/www.carolineswolfs.be\/fr\/produit\/dew-droplets-with-stones-ring\/","name":"Dew Droplets ring with stones - Caroline Swolfs","isPartOf":{"@id":"https:\/\/www.carolineswolfs.be\/fr\/#website"},"primaryImageOfPage":{"@id":"https:\/\/www.carolineswolfs.be\/fr\/produit\/dew-droplets-with-stones-ring\/#primaryimage"},"image":{"@id":"https:\/\/www.carolineswolfs.be\/fr\/produit\/dew-droplets-with-stones-ring\/#primaryimage"},"thumbnailUrl":"https:\/\/www.carolineswolfs.be\/wp-content\/uploads\/2018\/08\/dew-drop-pink-tourmalines-2000x1760bis.jpg","datePublished":"2018-08-31T16:41:56+00:00","dateModified":"2023-08-03T08:59:09+00:00","breadcrumb":{"@id":"https:\/\/www.carolineswolfs.be\/fr\/produit\/dew-droplets-with-stones-ring\/#breadcrumb"},"inLanguage":"fr-FR","potentialAction":[{"@type":"ReadAction","target":["https:\/\/www.carolineswolfs.be\/fr\/produit\/dew-droplets-with-stones-ring\/"]}]},{"@type":"ImageObject","inLanguage":"fr-FR","@id":"https:\/\/www.carolineswolfs.be\/fr\/produit\/dew-droplets-with-stones-ring\/#primaryimage","url":"https:\/\/www.carolineswolfs.be\/wp-content\/uploads\/2018\/08\/dew-drop-pink-tourmalines-2000x1760bis.jpg","contentUrl":"https:\/\/www.carolineswolfs.be\/wp-content\/uploads\/2018\/08\/dew-drop-pink-tourmalines-2000x1760bis.jpg","width":2000,"height":1760},{"@type":"BreadcrumbList","@id":"https:\/\/www.carolineswolfs.be\/fr\/produit\/dew-droplets-with-stones-ring\/#breadcrumb","itemListElement":[{"@type":"ListItem","position":1,"name":"Accueil","item":"https:\/\/www.carolineswolfs.be\/fr\/"},{"@type":"ListItem","position":2,"name":"Boutique","item":"https:\/\/www.carolineswolfs.be\/fr\/?page_id=13760"},{"@type":"ListItem","position":3,"name":"Dew Droplets ring with stones"}]},{"@type":"WebSite","@id":"https:\/\/www.carolineswolfs.be\/fr\/#website","url":"https:\/\/www.carolineswolfs.be\/fr\/","name":"Caroline Swolfs","description":"Belgian Jewellery","potentialAction":[{"@type":"SearchAction","target":{"@type":"EntryPoint","urlTemplate":"https:\/\/www.carolineswolfs.be\/fr\/?s={search_term_string}"},"query-input":{"@type":"PropertyValueSpecification","valueRequired":true,"valueName":"search_term_string"}}],"inLanguage":"fr-FR"}]}},"_links":{"self":[{"href":"https:\/\/www.carolineswolfs.be\/fr\/wp-json\/wp\/v2\/product\/14214","targetHints":{"allow":["GET"]}}],"collection":[{"href":"https:\/\/www.carolineswolfs.be\/fr\/wp-json\/wp\/v2\/product"}],"about":[{"href":"https:\/\/www.carolineswolfs.be\/fr\/wp-json\/wp\/v2\/types\/product"}],"wp:featuredmedia":[{"embeddable":true,"href":"https:\/\/www.carolineswolfs.be\/fr\/wp-json\/wp\/v2\/media\/15350"}],"wp:attachment":[{"href":"https:\/\/www.carolineswolfs.be\/fr\/wp-json\/wp\/v2\/media?parent=14214"}],"wp:term":[{"taxonomy":"product_cat","embeddable":true,"href":"https:\/\/www.carolineswolfs.be\/fr\/wp-json\/wp\/v2\/product_cat?post=14214"},{"taxonomy":"product_tag","embeddable":true,"href":"https:\/\/www.carolineswolfs.be\/fr\/wp-json\/wp\/v2\/product_tag?post=14214"}],"curies":[{"name":"wp","href":"https:\/\/api.w.org\/{rel}","templated":true}]}}