{"id":1513,"date":"2016-04-15T07:11:54","date_gmt":"2016-04-15T07:11:54","guid":{"rendered":"http:\/\/carolineswolfs.wpengine.com\/fr\/produit\/la-goutte-onduline-2\/"},"modified":"2020-03-06T11:25:58","modified_gmt":"2020-03-06T11:25:58","slug":"la-goutte-onduline-earrings","status":"publish","type":"product","link":"https:\/\/www.carolineswolfs.be\/fr\/produit\/la-goutte-onduline-earrings\/","title":{"rendered":"La goutte onduline earrings"},"content":{"rendered":"<p>\u00a9 Caroline Swolfs<\/p>\n","protected":false},"excerpt":{"rendered":"<p>Les boucles d&#8217;oreilles la goutte onduline ont une longueur de 50 mm et une largeur de 15 mm.<\/p>\n<p>Elles font partie de la collection The Drop.<\/p>\n<form><\/form>\n<p>Pour toute demande sp\u00e9cifique, veuillez <a href=\"\/?page_id=559\">nous contacter<\/a>.<\/p>\n<p>Le prix peut varier selon la mati\u00e8re, la finition et la taille s\u00e9lectionn\u00e9es. Faites votre s\u00e9lection afin de voir le prix.<\/p>\n","protected":false},"featured_media":13368,"template":"","meta":{"_et_pb_use_builder":"","_et_pb_old_content":"","_et_gb_content_width":"","_mi_skip_tracking":false,"_exactmetrics_sitenote_active":false,"_exactmetrics_sitenote_note":"","_exactmetrics_sitenote_category":0},"product_cat":[167,334],"product_tag":[194],"class_list":["post-1513","product","type-product","status-publish","has-post-thumbnail","hentry","product_cat-boucles-d-oreilles","product_cat-the-drop-fr","product_tag-la-goutte-onduline-fr"],"yoast_head":"<!-- This site is optimized with the Yoast SEO plugin v25.3.1 - https:\/\/yoast.com\/wordpress\/plugins\/seo\/ -->\n<title>La goutte onduline earrings - Caroline Swolfs<\/title>\n<meta name=\"robots\" content=\"index, follow, max-snippet:-1, max-image-preview:large, max-video-preview:-1\" \/>\n<link rel=\"canonical\" href=\"https:\/\/www.carolineswolfs.be\/fr\/produit\/la-goutte-onduline-earrings\/\" \/>\n<meta property=\"og:locale\" content=\"fr_FR\" \/>\n<meta property=\"og:type\" content=\"article\" \/>\n<meta property=\"og:title\" content=\"La goutte onduline earrings - Caroline Swolfs\" \/>\n<meta property=\"og:description\" content=\"Les boucles d&#039;oreilles la goutte onduline ont une longueur de 50 mm et une largeur de 15 mm.  Elles font partie de la collection The Drop.  Pour toute demande sp\u00e9cifique, veuillez nous contacter.  Le prix peut varier selon la mati\u00e8re, la finition et la taille s\u00e9lectionn\u00e9es. Faites votre s\u00e9lection afin de voir le prix.\" \/>\n<meta property=\"og:url\" content=\"https:\/\/www.carolineswolfs.be\/fr\/produit\/la-goutte-onduline-earrings\/\" \/>\n<meta property=\"og:site_name\" content=\"Caroline Swolfs\" \/>\n<meta property=\"article:modified_time\" content=\"2020-03-06T11:25:58+00:00\" \/>\n<meta property=\"og:image\" content=\"https:\/\/www.carolineswolfs.be\/wp-content\/uploads\/2016\/04\/Goutte-onduline-earrings-bouclesdoreilles-oorbel.jpg\" \/>\n\t<meta property=\"og:image:width\" content=\"1000\" \/>\n\t<meta property=\"og:image:height\" content=\"880\" \/>\n\t<meta property=\"og:image:type\" content=\"image\/jpeg\" \/>\n<meta name=\"twitter:card\" content=\"summary_large_image\" \/>\n<script type=\"application\/ld+json\" class=\"yoast-schema-graph\">{\"@context\":\"https:\/\/schema.org\",\"@graph\":[{\"@type\":\"WebPage\",\"@id\":\"https:\/\/www.carolineswolfs.be\/fr\/produit\/la-goutte-onduline-earrings\/\",\"url\":\"https:\/\/www.carolineswolfs.be\/fr\/produit\/la-goutte-onduline-earrings\/\",\"name\":\"La goutte onduline earrings - Caroline Swolfs\",\"isPartOf\":{\"@id\":\"https:\/\/www.carolineswolfs.be\/fr\/#website\"},\"primaryImageOfPage\":{\"@id\":\"https:\/\/www.carolineswolfs.be\/fr\/produit\/la-goutte-onduline-earrings\/#primaryimage\"},\"image\":{\"@id\":\"https:\/\/www.carolineswolfs.be\/fr\/produit\/la-goutte-onduline-earrings\/#primaryimage\"},\"thumbnailUrl\":\"https:\/\/www.carolineswolfs.be\/wp-content\/uploads\/2016\/04\/Goutte-onduline-earrings-bouclesdoreilles-oorbel.jpg\",\"datePublished\":\"2016-04-15T07:11:54+00:00\",\"dateModified\":\"2020-03-06T11:25:58+00:00\",\"breadcrumb\":{\"@id\":\"https:\/\/www.carolineswolfs.be\/fr\/produit\/la-goutte-onduline-earrings\/#breadcrumb\"},\"inLanguage\":\"fr-FR\",\"potentialAction\":[{\"@type\":\"ReadAction\",\"target\":[\"https:\/\/www.carolineswolfs.be\/fr\/produit\/la-goutte-onduline-earrings\/\"]}]},{\"@type\":\"ImageObject\",\"inLanguage\":\"fr-FR\",\"@id\":\"https:\/\/www.carolineswolfs.be\/fr\/produit\/la-goutte-onduline-earrings\/#primaryimage\",\"url\":\"https:\/\/www.carolineswolfs.be\/wp-content\/uploads\/2016\/04\/Goutte-onduline-earrings-bouclesdoreilles-oorbel.jpg\",\"contentUrl\":\"https:\/\/www.carolineswolfs.be\/wp-content\/uploads\/2016\/04\/Goutte-onduline-earrings-bouclesdoreilles-oorbel.jpg\",\"width\":1000,\"height\":880},{\"@type\":\"BreadcrumbList\",\"@id\":\"https:\/\/www.carolineswolfs.be\/fr\/produit\/la-goutte-onduline-earrings\/#breadcrumb\",\"itemListElement\":[{\"@type\":\"ListItem\",\"position\":1,\"name\":\"Accueil\",\"item\":\"https:\/\/www.carolineswolfs.be\/fr\/\"},{\"@type\":\"ListItem\",\"position\":2,\"name\":\"Boutique\",\"item\":\"https:\/\/www.carolineswolfs.be\/fr\/?page_id=13760\"},{\"@type\":\"ListItem\",\"position\":3,\"name\":\"La goutte onduline earrings\"}]},{\"@type\":\"WebSite\",\"@id\":\"https:\/\/www.carolineswolfs.be\/fr\/#website\",\"url\":\"https:\/\/www.carolineswolfs.be\/fr\/\",\"name\":\"Caroline Swolfs\",\"description\":\"Belgian Jewellery\",\"potentialAction\":[{\"@type\":\"SearchAction\",\"target\":{\"@type\":\"EntryPoint\",\"urlTemplate\":\"https:\/\/www.carolineswolfs.be\/fr\/?s={search_term_string}\"},\"query-input\":{\"@type\":\"PropertyValueSpecification\",\"valueRequired\":true,\"valueName\":\"search_term_string\"}}],\"inLanguage\":\"fr-FR\"}]}<\/script>\n<!-- \/ Yoast SEO plugin. -->","yoast_head_json":{"title":"La goutte onduline earrings - Caroline Swolfs","robots":{"index":"index","follow":"follow","max-snippet":"max-snippet:-1","max-image-preview":"max-image-preview:large","max-video-preview":"max-video-preview:-1"},"canonical":"https:\/\/www.carolineswolfs.be\/fr\/produit\/la-goutte-onduline-earrings\/","og_locale":"fr_FR","og_type":"article","og_title":"La goutte onduline earrings - Caroline Swolfs","og_description":"Les boucles d'oreilles la goutte onduline ont une longueur de 50 mm et une largeur de 15 mm.  Elles font partie de la collection The Drop.  Pour toute demande sp\u00e9cifique, veuillez nous contacter.  Le prix peut varier selon la mati\u00e8re, la finition et la taille s\u00e9lectionn\u00e9es. Faites votre s\u00e9lection afin de voir le prix.","og_url":"https:\/\/www.carolineswolfs.be\/fr\/produit\/la-goutte-onduline-earrings\/","og_site_name":"Caroline Swolfs","article_modified_time":"2020-03-06T11:25:58+00:00","og_image":[{"width":1000,"height":880,"url":"https:\/\/www.carolineswolfs.be\/wp-content\/uploads\/2016\/04\/Goutte-onduline-earrings-bouclesdoreilles-oorbel.jpg","type":"image\/jpeg"}],"twitter_card":"summary_large_image","schema":{"@context":"https:\/\/schema.org","@graph":[{"@type":"WebPage","@id":"https:\/\/www.carolineswolfs.be\/fr\/produit\/la-goutte-onduline-earrings\/","url":"https:\/\/www.carolineswolfs.be\/fr\/produit\/la-goutte-onduline-earrings\/","name":"La goutte onduline earrings - Caroline Swolfs","isPartOf":{"@id":"https:\/\/www.carolineswolfs.be\/fr\/#website"},"primaryImageOfPage":{"@id":"https:\/\/www.carolineswolfs.be\/fr\/produit\/la-goutte-onduline-earrings\/#primaryimage"},"image":{"@id":"https:\/\/www.carolineswolfs.be\/fr\/produit\/la-goutte-onduline-earrings\/#primaryimage"},"thumbnailUrl":"https:\/\/www.carolineswolfs.be\/wp-content\/uploads\/2016\/04\/Goutte-onduline-earrings-bouclesdoreilles-oorbel.jpg","datePublished":"2016-04-15T07:11:54+00:00","dateModified":"2020-03-06T11:25:58+00:00","breadcrumb":{"@id":"https:\/\/www.carolineswolfs.be\/fr\/produit\/la-goutte-onduline-earrings\/#breadcrumb"},"inLanguage":"fr-FR","potentialAction":[{"@type":"ReadAction","target":["https:\/\/www.carolineswolfs.be\/fr\/produit\/la-goutte-onduline-earrings\/"]}]},{"@type":"ImageObject","inLanguage":"fr-FR","@id":"https:\/\/www.carolineswolfs.be\/fr\/produit\/la-goutte-onduline-earrings\/#primaryimage","url":"https:\/\/www.carolineswolfs.be\/wp-content\/uploads\/2016\/04\/Goutte-onduline-earrings-bouclesdoreilles-oorbel.jpg","contentUrl":"https:\/\/www.carolineswolfs.be\/wp-content\/uploads\/2016\/04\/Goutte-onduline-earrings-bouclesdoreilles-oorbel.jpg","width":1000,"height":880},{"@type":"BreadcrumbList","@id":"https:\/\/www.carolineswolfs.be\/fr\/produit\/la-goutte-onduline-earrings\/#breadcrumb","itemListElement":[{"@type":"ListItem","position":1,"name":"Accueil","item":"https:\/\/www.carolineswolfs.be\/fr\/"},{"@type":"ListItem","position":2,"name":"Boutique","item":"https:\/\/www.carolineswolfs.be\/fr\/?page_id=13760"},{"@type":"ListItem","position":3,"name":"La goutte onduline earrings"}]},{"@type":"WebSite","@id":"https:\/\/www.carolineswolfs.be\/fr\/#website","url":"https:\/\/www.carolineswolfs.be\/fr\/","name":"Caroline Swolfs","description":"Belgian Jewellery","potentialAction":[{"@type":"SearchAction","target":{"@type":"EntryPoint","urlTemplate":"https:\/\/www.carolineswolfs.be\/fr\/?s={search_term_string}"},"query-input":{"@type":"PropertyValueSpecification","valueRequired":true,"valueName":"search_term_string"}}],"inLanguage":"fr-FR"}]}},"_links":{"self":[{"href":"https:\/\/www.carolineswolfs.be\/fr\/wp-json\/wp\/v2\/product\/1513","targetHints":{"allow":["GET"]}}],"collection":[{"href":"https:\/\/www.carolineswolfs.be\/fr\/wp-json\/wp\/v2\/product"}],"about":[{"href":"https:\/\/www.carolineswolfs.be\/fr\/wp-json\/wp\/v2\/types\/product"}],"wp:featuredmedia":[{"embeddable":true,"href":"https:\/\/www.carolineswolfs.be\/fr\/wp-json\/wp\/v2\/media\/13368"}],"wp:attachment":[{"href":"https:\/\/www.carolineswolfs.be\/fr\/wp-json\/wp\/v2\/media?parent=1513"}],"wp:term":[{"taxonomy":"product_cat","embeddable":true,"href":"https:\/\/www.carolineswolfs.be\/fr\/wp-json\/wp\/v2\/product_cat?post=1513"},{"taxonomy":"product_tag","embeddable":true,"href":"https:\/\/www.carolineswolfs.be\/fr\/wp-json\/wp\/v2\/product_tag?post=1513"}],"curies":[{"name":"wp","href":"https:\/\/api.w.org\/{rel}","templated":true}]}}