{"id":24473,"date":"2020-04-30T09:08:46","date_gmt":"2020-04-30T09:08:50","guid":{"rendered":"https:\/\/www.carolineswolfs.be\/?post_type=product&#038;p=24473"},"modified":"2020-04-30T12:27:29","modified_gmt":"2020-04-30T12:27:29","slug":"cs-wave-ring-castle-setting-fr","status":"publish","type":"product","link":"https:\/\/www.carolineswolfs.be\/fr\/produit\/cs-wave-ring-castle-setting-fr\/","title":{"rendered":"CS wave ring castle setting"},"content":{"rendered":"<p>[et_pb_section admin_label=&#8221;section&#8221;]<br \/>\n\t\t[et_pb_row admin_label=&#8221;row&#8221;]<br \/>\n\t\t\t[et_pb_column type=&#8221;4_4&#8243;][et_pb_text admin_label=&#8221;Text&#8221;]\u00a9 Caroline Swolfs[\/et_pb_text][\/et_pb_column]<br \/>\n\t\t[\/et_pb_row]<br \/>\n\t[\/et_pb_section]<\/p>\n","protected":false},"excerpt":{"rendered":"<p>La bague CS wave a une \u00e9paisseur de 2mm et est sertie de 10 petits diamants de 1,3 mm, pour un poids total de 10 pt.<br \/>\n<span id=\"top_ring\"><\/span><\/p>\n<p>Cette pi\u00e8ce fait partie de la collection The Drop.<br \/>\n<i class=\"fa fa-info-circle\"><\/i><\/p>\n<p>Vous n&#8217;\u00eates pas certain de votre taille de bague? Veuillez consultez le <a href=\"\/ringsizesguides\/CS_ringguide-fr.pdf\">guide des tailles<\/a>.<\/p>\n<p>Pour toute demande sp\u00e9cifique, veuillez <a href=\"\/?page_id=559\">nous contacter<\/a>.<\/p>\n<p>Le prix peut varier selon la mati\u00e8re, la finition et la taille s\u00e9lectionn\u00e9es. Faites votre s\u00e9lection afin de voir le prix.<\/p>\n<form id=\"form_panier\" action=\"http:\/\/www.carolineswolfs.be\/panier.php\" method=\"post\"><\/form>\n","protected":false},"featured_media":24489,"template":"","meta":{"_et_pb_use_builder":"","_et_pb_old_content":"\u00a9 Caroline Swolfs","_et_gb_content_width":"","_mi_skip_tracking":false,"_exactmetrics_sitenote_active":false,"_exactmetrics_sitenote_note":"","_exactmetrics_sitenote_category":0},"product_cat":[615,83,334],"product_tag":[380],"class_list":["post-24473","product","type-product","status-publish","has-post-thumbnail","hentry","product_cat-alliances","product_cat-bagues","product_cat-the-drop-fr","product_tag-wedding-ring-fr"],"yoast_head":"<!-- This site is optimized with the Yoast SEO plugin v25.3.1 - https:\/\/yoast.com\/wordpress\/plugins\/seo\/ -->\n<title>CS wave ring castle setting - Caroline Swolfs<\/title>\n<meta name=\"robots\" content=\"index, follow, max-snippet:-1, max-image-preview:large, max-video-preview:-1\" \/>\n<link rel=\"canonical\" href=\"https:\/\/www.carolineswolfs.be\/fr\/produit\/cs-wave-ring-castle-setting-fr\/\" \/>\n<meta property=\"og:locale\" content=\"fr_FR\" \/>\n<meta property=\"og:type\" content=\"article\" \/>\n<meta property=\"og:title\" content=\"CS wave ring castle setting - Caroline Swolfs\" \/>\n<meta property=\"og:description\" content=\"La bague CS wave a une \u00e9paisseur de 2mm et est sertie de 10 petits diamants de 1,3 mm, pour un poids total de 10 pt.   Cette pi\u00e8ce fait partie de la collection The Drop.   Vous n&#039;\u00eates pas certain de votre taille de bague? Veuillez consultez le guide des tailles.  Pour toute demande sp\u00e9cifique, veuillez nous contacter.  Le prix peut varier selon la mati\u00e8re, la finition et la taille s\u00e9lectionn\u00e9es. Faites votre s\u00e9lection afin de voir le prix.\" \/>\n<meta property=\"og:url\" content=\"https:\/\/www.carolineswolfs.be\/fr\/produit\/cs-wave-ring-castle-setting-fr\/\" \/>\n<meta property=\"og:site_name\" content=\"Caroline Swolfs\" \/>\n<meta property=\"article:modified_time\" content=\"2020-04-30T12:27:29+00:00\" \/>\n<meta property=\"og:image\" content=\"https:\/\/www.carolineswolfs.be\/wp-content\/uploads\/2020\/04\/CS-wave-ring-with-castle-setting-2000x1760px.jpg\" \/>\n\t<meta property=\"og:image:width\" content=\"2000\" \/>\n\t<meta property=\"og:image:height\" content=\"1760\" \/>\n\t<meta property=\"og:image:type\" content=\"image\/jpeg\" \/>\n<meta name=\"twitter:card\" content=\"summary_large_image\" \/>\n<script type=\"application\/ld+json\" class=\"yoast-schema-graph\">{\"@context\":\"https:\/\/schema.org\",\"@graph\":[{\"@type\":\"WebPage\",\"@id\":\"https:\/\/www.carolineswolfs.be\/fr\/produit\/cs-wave-ring-castle-setting-fr\/\",\"url\":\"https:\/\/www.carolineswolfs.be\/fr\/produit\/cs-wave-ring-castle-setting-fr\/\",\"name\":\"CS wave ring castle setting - Caroline Swolfs\",\"isPartOf\":{\"@id\":\"https:\/\/www.carolineswolfs.be\/fr\/#website\"},\"primaryImageOfPage\":{\"@id\":\"https:\/\/www.carolineswolfs.be\/fr\/produit\/cs-wave-ring-castle-setting-fr\/#primaryimage\"},\"image\":{\"@id\":\"https:\/\/www.carolineswolfs.be\/fr\/produit\/cs-wave-ring-castle-setting-fr\/#primaryimage\"},\"thumbnailUrl\":\"https:\/\/www.carolineswolfs.be\/wp-content\/uploads\/2020\/04\/CS-wave-ring-with-castle-setting-2000x1760px.jpg\",\"datePublished\":\"2020-04-30T09:08:50+00:00\",\"dateModified\":\"2020-04-30T12:27:29+00:00\",\"breadcrumb\":{\"@id\":\"https:\/\/www.carolineswolfs.be\/fr\/produit\/cs-wave-ring-castle-setting-fr\/#breadcrumb\"},\"inLanguage\":\"fr-FR\",\"potentialAction\":[{\"@type\":\"ReadAction\",\"target\":[\"https:\/\/www.carolineswolfs.be\/fr\/produit\/cs-wave-ring-castle-setting-fr\/\"]}]},{\"@type\":\"ImageObject\",\"inLanguage\":\"fr-FR\",\"@id\":\"https:\/\/www.carolineswolfs.be\/fr\/produit\/cs-wave-ring-castle-setting-fr\/#primaryimage\",\"url\":\"https:\/\/www.carolineswolfs.be\/wp-content\/uploads\/2020\/04\/CS-wave-ring-with-castle-setting-2000x1760px.jpg\",\"contentUrl\":\"https:\/\/www.carolineswolfs.be\/wp-content\/uploads\/2020\/04\/CS-wave-ring-with-castle-setting-2000x1760px.jpg\",\"width\":2000,\"height\":1760},{\"@type\":\"BreadcrumbList\",\"@id\":\"https:\/\/www.carolineswolfs.be\/fr\/produit\/cs-wave-ring-castle-setting-fr\/#breadcrumb\",\"itemListElement\":[{\"@type\":\"ListItem\",\"position\":1,\"name\":\"Accueil\",\"item\":\"https:\/\/www.carolineswolfs.be\/fr\/\"},{\"@type\":\"ListItem\",\"position\":2,\"name\":\"Boutique\",\"item\":\"https:\/\/www.carolineswolfs.be\/fr\/?page_id=13760\"},{\"@type\":\"ListItem\",\"position\":3,\"name\":\"CS wave ring castle setting\"}]},{\"@type\":\"WebSite\",\"@id\":\"https:\/\/www.carolineswolfs.be\/fr\/#website\",\"url\":\"https:\/\/www.carolineswolfs.be\/fr\/\",\"name\":\"Caroline Swolfs\",\"description\":\"Belgian Jewellery\",\"potentialAction\":[{\"@type\":\"SearchAction\",\"target\":{\"@type\":\"EntryPoint\",\"urlTemplate\":\"https:\/\/www.carolineswolfs.be\/fr\/?s={search_term_string}\"},\"query-input\":{\"@type\":\"PropertyValueSpecification\",\"valueRequired\":true,\"valueName\":\"search_term_string\"}}],\"inLanguage\":\"fr-FR\"}]}<\/script>\n<!-- \/ Yoast SEO plugin. -->","yoast_head_json":{"title":"CS wave ring castle setting - Caroline Swolfs","robots":{"index":"index","follow":"follow","max-snippet":"max-snippet:-1","max-image-preview":"max-image-preview:large","max-video-preview":"max-video-preview:-1"},"canonical":"https:\/\/www.carolineswolfs.be\/fr\/produit\/cs-wave-ring-castle-setting-fr\/","og_locale":"fr_FR","og_type":"article","og_title":"CS wave ring castle setting - Caroline Swolfs","og_description":"La bague CS wave a une \u00e9paisseur de 2mm et est sertie de 10 petits diamants de 1,3 mm, pour un poids total de 10 pt.   Cette pi\u00e8ce fait partie de la collection The Drop.   Vous n'\u00eates pas certain de votre taille de bague? Veuillez consultez le guide des tailles.  Pour toute demande sp\u00e9cifique, veuillez nous contacter.  Le prix peut varier selon la mati\u00e8re, la finition et la taille s\u00e9lectionn\u00e9es. Faites votre s\u00e9lection afin de voir le prix.","og_url":"https:\/\/www.carolineswolfs.be\/fr\/produit\/cs-wave-ring-castle-setting-fr\/","og_site_name":"Caroline Swolfs","article_modified_time":"2020-04-30T12:27:29+00:00","og_image":[{"width":2000,"height":1760,"url":"https:\/\/www.carolineswolfs.be\/wp-content\/uploads\/2020\/04\/CS-wave-ring-with-castle-setting-2000x1760px.jpg","type":"image\/jpeg"}],"twitter_card":"summary_large_image","schema":{"@context":"https:\/\/schema.org","@graph":[{"@type":"WebPage","@id":"https:\/\/www.carolineswolfs.be\/fr\/produit\/cs-wave-ring-castle-setting-fr\/","url":"https:\/\/www.carolineswolfs.be\/fr\/produit\/cs-wave-ring-castle-setting-fr\/","name":"CS wave ring castle setting - Caroline Swolfs","isPartOf":{"@id":"https:\/\/www.carolineswolfs.be\/fr\/#website"},"primaryImageOfPage":{"@id":"https:\/\/www.carolineswolfs.be\/fr\/produit\/cs-wave-ring-castle-setting-fr\/#primaryimage"},"image":{"@id":"https:\/\/www.carolineswolfs.be\/fr\/produit\/cs-wave-ring-castle-setting-fr\/#primaryimage"},"thumbnailUrl":"https:\/\/www.carolineswolfs.be\/wp-content\/uploads\/2020\/04\/CS-wave-ring-with-castle-setting-2000x1760px.jpg","datePublished":"2020-04-30T09:08:50+00:00","dateModified":"2020-04-30T12:27:29+00:00","breadcrumb":{"@id":"https:\/\/www.carolineswolfs.be\/fr\/produit\/cs-wave-ring-castle-setting-fr\/#breadcrumb"},"inLanguage":"fr-FR","potentialAction":[{"@type":"ReadAction","target":["https:\/\/www.carolineswolfs.be\/fr\/produit\/cs-wave-ring-castle-setting-fr\/"]}]},{"@type":"ImageObject","inLanguage":"fr-FR","@id":"https:\/\/www.carolineswolfs.be\/fr\/produit\/cs-wave-ring-castle-setting-fr\/#primaryimage","url":"https:\/\/www.carolineswolfs.be\/wp-content\/uploads\/2020\/04\/CS-wave-ring-with-castle-setting-2000x1760px.jpg","contentUrl":"https:\/\/www.carolineswolfs.be\/wp-content\/uploads\/2020\/04\/CS-wave-ring-with-castle-setting-2000x1760px.jpg","width":2000,"height":1760},{"@type":"BreadcrumbList","@id":"https:\/\/www.carolineswolfs.be\/fr\/produit\/cs-wave-ring-castle-setting-fr\/#breadcrumb","itemListElement":[{"@type":"ListItem","position":1,"name":"Accueil","item":"https:\/\/www.carolineswolfs.be\/fr\/"},{"@type":"ListItem","position":2,"name":"Boutique","item":"https:\/\/www.carolineswolfs.be\/fr\/?page_id=13760"},{"@type":"ListItem","position":3,"name":"CS wave ring castle setting"}]},{"@type":"WebSite","@id":"https:\/\/www.carolineswolfs.be\/fr\/#website","url":"https:\/\/www.carolineswolfs.be\/fr\/","name":"Caroline Swolfs","description":"Belgian Jewellery","potentialAction":[{"@type":"SearchAction","target":{"@type":"EntryPoint","urlTemplate":"https:\/\/www.carolineswolfs.be\/fr\/?s={search_term_string}"},"query-input":{"@type":"PropertyValueSpecification","valueRequired":true,"valueName":"search_term_string"}}],"inLanguage":"fr-FR"}]}},"_links":{"self":[{"href":"https:\/\/www.carolineswolfs.be\/fr\/wp-json\/wp\/v2\/product\/24473","targetHints":{"allow":["GET"]}}],"collection":[{"href":"https:\/\/www.carolineswolfs.be\/fr\/wp-json\/wp\/v2\/product"}],"about":[{"href":"https:\/\/www.carolineswolfs.be\/fr\/wp-json\/wp\/v2\/types\/product"}],"wp:featuredmedia":[{"embeddable":true,"href":"https:\/\/www.carolineswolfs.be\/fr\/wp-json\/wp\/v2\/media\/24489"}],"wp:attachment":[{"href":"https:\/\/www.carolineswolfs.be\/fr\/wp-json\/wp\/v2\/media?parent=24473"}],"wp:term":[{"taxonomy":"product_cat","embeddable":true,"href":"https:\/\/www.carolineswolfs.be\/fr\/wp-json\/wp\/v2\/product_cat?post=24473"},{"taxonomy":"product_tag","embeddable":true,"href":"https:\/\/www.carolineswolfs.be\/fr\/wp-json\/wp\/v2\/product_tag?post=24473"}],"curies":[{"name":"wp","href":"https:\/\/api.w.org\/{rel}","templated":true}]}}