{"id":4240,"date":"2017-08-10T13:57:08","date_gmt":"2017-08-10T13:57:08","guid":{"rendered":"http:\/\/carolineswolfs.wpengine.com\/?post_type=product&#038;p=4240\/"},"modified":"2019-01-31T00:12:10","modified_gmt":"2019-01-31T00:12:10","slug":"double-dolphin-drop-pendant","status":"publish","type":"product","link":"https:\/\/www.carolineswolfs.be\/fr\/produit\/double-dolphin-drop-pendant\/","title":{"rendered":"Double dolphin drop pendant"},"content":{"rendered":"<p>\u00a9 Caroline Swolfs<\/p>\n","protected":false},"excerpt":{"rendered":"<p>Le pendentif double dolphin drop est disponible en argent avec une finition brillante et est accompagn\u00e9 d&#8217;une chaine de 70 cm. Il est compos\u00e9 d&#8217;un grand pendentif de 53 mm de long et d&#8217;un petit pendentif de 18 mm de long.<\/p>\n<p>Cette pi\u00e8ce fait partie de la collection The Drop.<\/p>\n<form><\/form>\n<p>Pour toute demande sp\u00e9cifique, veuillez <a href=\"\/?page_id=559\">nous contacter<\/a>.<\/p>\n<p>Le prix peut varier selon la mati\u00e8re, la finition et la taille s\u00e9lectionn\u00e9es. Faites votre s\u00e9lection afin de voir le prix.<\/p>\n","protected":false},"featured_media":4248,"template":"","meta":{"_et_pb_use_builder":"","_et_pb_old_content":"","_et_gb_content_width":"","_mi_skip_tracking":false,"_exactmetrics_sitenote_active":false,"_exactmetrics_sitenote_note":"","_exactmetrics_sitenote_category":0},"product_cat":[235,334],"product_tag":[365],"class_list":["post-4240","product","type-product","status-publish","has-post-thumbnail","hentry","product_cat-colliers","product_cat-the-drop-fr","product_tag-dolphin-fr"],"yoast_head":"<!-- This site is optimized with the Yoast SEO plugin v25.3.1 - https:\/\/yoast.com\/wordpress\/plugins\/seo\/ -->\n<title>Double dolphin drop pendant - Caroline Swolfs<\/title>\n<meta name=\"robots\" content=\"index, follow, max-snippet:-1, max-image-preview:large, max-video-preview:-1\" \/>\n<link rel=\"canonical\" href=\"https:\/\/www.carolineswolfs.be\/fr\/produit\/double-dolphin-drop-pendant\/\" \/>\n<meta property=\"og:locale\" content=\"fr_FR\" \/>\n<meta property=\"og:type\" content=\"article\" \/>\n<meta property=\"og:title\" content=\"Double dolphin drop pendant - Caroline Swolfs\" \/>\n<meta property=\"og:description\" content=\"Le pendentif double dolphin drop est disponible en argent avec une finition brillante et est accompagn\u00e9 d&#039;une chaine de 70 cm. Il est compos\u00e9 d&#039;un grand pendentif de 53 mm de long et d&#039;un petit pendentif de 18 mm de long.  Cette pi\u00e8ce fait partie de la collection The Drop.  Pour toute demande sp\u00e9cifique, veuillez nous contacter.  Le prix peut varier selon la mati\u00e8re, la finition et la taille s\u00e9lectionn\u00e9es. Faites votre s\u00e9lection afin de voir le prix.\" \/>\n<meta property=\"og:url\" content=\"https:\/\/www.carolineswolfs.be\/fr\/produit\/double-dolphin-drop-pendant\/\" \/>\n<meta property=\"og:site_name\" content=\"Caroline Swolfs\" \/>\n<meta property=\"article:modified_time\" content=\"2019-01-31T00:12:10+00:00\" \/>\n<meta property=\"og:image\" content=\"https:\/\/www.carolineswolfs.be\/wp-content\/uploads\/2017\/08\/Dolfin-drop-double-necklace_collier_hanger.jpg\" \/>\n\t<meta property=\"og:image:width\" content=\"1000\" \/>\n\t<meta property=\"og:image:height\" content=\"880\" \/>\n\t<meta property=\"og:image:type\" content=\"image\/jpeg\" \/>\n<meta name=\"twitter:card\" content=\"summary_large_image\" \/>\n<script type=\"application\/ld+json\" class=\"yoast-schema-graph\">{\"@context\":\"https:\/\/schema.org\",\"@graph\":[{\"@type\":\"WebPage\",\"@id\":\"https:\/\/www.carolineswolfs.be\/fr\/produit\/double-dolphin-drop-pendant\/\",\"url\":\"https:\/\/www.carolineswolfs.be\/fr\/produit\/double-dolphin-drop-pendant\/\",\"name\":\"Double dolphin drop pendant - Caroline Swolfs\",\"isPartOf\":{\"@id\":\"https:\/\/www.carolineswolfs.be\/fr\/#website\"},\"primaryImageOfPage\":{\"@id\":\"https:\/\/www.carolineswolfs.be\/fr\/produit\/double-dolphin-drop-pendant\/#primaryimage\"},\"image\":{\"@id\":\"https:\/\/www.carolineswolfs.be\/fr\/produit\/double-dolphin-drop-pendant\/#primaryimage\"},\"thumbnailUrl\":\"https:\/\/www.carolineswolfs.be\/wp-content\/uploads\/2017\/08\/Dolfin-drop-double-necklace_collier_hanger.jpg\",\"datePublished\":\"2017-08-10T13:57:08+00:00\",\"dateModified\":\"2019-01-31T00:12:10+00:00\",\"breadcrumb\":{\"@id\":\"https:\/\/www.carolineswolfs.be\/fr\/produit\/double-dolphin-drop-pendant\/#breadcrumb\"},\"inLanguage\":\"fr-FR\",\"potentialAction\":[{\"@type\":\"ReadAction\",\"target\":[\"https:\/\/www.carolineswolfs.be\/fr\/produit\/double-dolphin-drop-pendant\/\"]}]},{\"@type\":\"ImageObject\",\"inLanguage\":\"fr-FR\",\"@id\":\"https:\/\/www.carolineswolfs.be\/fr\/produit\/double-dolphin-drop-pendant\/#primaryimage\",\"url\":\"https:\/\/www.carolineswolfs.be\/wp-content\/uploads\/2017\/08\/Dolfin-drop-double-necklace_collier_hanger.jpg\",\"contentUrl\":\"https:\/\/www.carolineswolfs.be\/wp-content\/uploads\/2017\/08\/Dolfin-drop-double-necklace_collier_hanger.jpg\",\"width\":1000,\"height\":880},{\"@type\":\"BreadcrumbList\",\"@id\":\"https:\/\/www.carolineswolfs.be\/fr\/produit\/double-dolphin-drop-pendant\/#breadcrumb\",\"itemListElement\":[{\"@type\":\"ListItem\",\"position\":1,\"name\":\"Accueil\",\"item\":\"https:\/\/www.carolineswolfs.be\/fr\/\"},{\"@type\":\"ListItem\",\"position\":2,\"name\":\"Boutique\",\"item\":\"https:\/\/www.carolineswolfs.be\/fr\/?page_id=13760\"},{\"@type\":\"ListItem\",\"position\":3,\"name\":\"Double dolphin drop pendant\"}]},{\"@type\":\"WebSite\",\"@id\":\"https:\/\/www.carolineswolfs.be\/fr\/#website\",\"url\":\"https:\/\/www.carolineswolfs.be\/fr\/\",\"name\":\"Caroline Swolfs\",\"description\":\"Belgian Jewellery\",\"potentialAction\":[{\"@type\":\"SearchAction\",\"target\":{\"@type\":\"EntryPoint\",\"urlTemplate\":\"https:\/\/www.carolineswolfs.be\/fr\/?s={search_term_string}\"},\"query-input\":{\"@type\":\"PropertyValueSpecification\",\"valueRequired\":true,\"valueName\":\"search_term_string\"}}],\"inLanguage\":\"fr-FR\"}]}<\/script>\n<!-- \/ Yoast SEO plugin. -->","yoast_head_json":{"title":"Double dolphin drop pendant - Caroline Swolfs","robots":{"index":"index","follow":"follow","max-snippet":"max-snippet:-1","max-image-preview":"max-image-preview:large","max-video-preview":"max-video-preview:-1"},"canonical":"https:\/\/www.carolineswolfs.be\/fr\/produit\/double-dolphin-drop-pendant\/","og_locale":"fr_FR","og_type":"article","og_title":"Double dolphin drop pendant - Caroline Swolfs","og_description":"Le pendentif double dolphin drop est disponible en argent avec une finition brillante et est accompagn\u00e9 d'une chaine de 70 cm. Il est compos\u00e9 d'un grand pendentif de 53 mm de long et d'un petit pendentif de 18 mm de long.  Cette pi\u00e8ce fait partie de la collection The Drop.  Pour toute demande sp\u00e9cifique, veuillez nous contacter.  Le prix peut varier selon la mati\u00e8re, la finition et la taille s\u00e9lectionn\u00e9es. Faites votre s\u00e9lection afin de voir le prix.","og_url":"https:\/\/www.carolineswolfs.be\/fr\/produit\/double-dolphin-drop-pendant\/","og_site_name":"Caroline Swolfs","article_modified_time":"2019-01-31T00:12:10+00:00","og_image":[{"width":1000,"height":880,"url":"https:\/\/www.carolineswolfs.be\/wp-content\/uploads\/2017\/08\/Dolfin-drop-double-necklace_collier_hanger.jpg","type":"image\/jpeg"}],"twitter_card":"summary_large_image","schema":{"@context":"https:\/\/schema.org","@graph":[{"@type":"WebPage","@id":"https:\/\/www.carolineswolfs.be\/fr\/produit\/double-dolphin-drop-pendant\/","url":"https:\/\/www.carolineswolfs.be\/fr\/produit\/double-dolphin-drop-pendant\/","name":"Double dolphin drop pendant - Caroline Swolfs","isPartOf":{"@id":"https:\/\/www.carolineswolfs.be\/fr\/#website"},"primaryImageOfPage":{"@id":"https:\/\/www.carolineswolfs.be\/fr\/produit\/double-dolphin-drop-pendant\/#primaryimage"},"image":{"@id":"https:\/\/www.carolineswolfs.be\/fr\/produit\/double-dolphin-drop-pendant\/#primaryimage"},"thumbnailUrl":"https:\/\/www.carolineswolfs.be\/wp-content\/uploads\/2017\/08\/Dolfin-drop-double-necklace_collier_hanger.jpg","datePublished":"2017-08-10T13:57:08+00:00","dateModified":"2019-01-31T00:12:10+00:00","breadcrumb":{"@id":"https:\/\/www.carolineswolfs.be\/fr\/produit\/double-dolphin-drop-pendant\/#breadcrumb"},"inLanguage":"fr-FR","potentialAction":[{"@type":"ReadAction","target":["https:\/\/www.carolineswolfs.be\/fr\/produit\/double-dolphin-drop-pendant\/"]}]},{"@type":"ImageObject","inLanguage":"fr-FR","@id":"https:\/\/www.carolineswolfs.be\/fr\/produit\/double-dolphin-drop-pendant\/#primaryimage","url":"https:\/\/www.carolineswolfs.be\/wp-content\/uploads\/2017\/08\/Dolfin-drop-double-necklace_collier_hanger.jpg","contentUrl":"https:\/\/www.carolineswolfs.be\/wp-content\/uploads\/2017\/08\/Dolfin-drop-double-necklace_collier_hanger.jpg","width":1000,"height":880},{"@type":"BreadcrumbList","@id":"https:\/\/www.carolineswolfs.be\/fr\/produit\/double-dolphin-drop-pendant\/#breadcrumb","itemListElement":[{"@type":"ListItem","position":1,"name":"Accueil","item":"https:\/\/www.carolineswolfs.be\/fr\/"},{"@type":"ListItem","position":2,"name":"Boutique","item":"https:\/\/www.carolineswolfs.be\/fr\/?page_id=13760"},{"@type":"ListItem","position":3,"name":"Double dolphin drop pendant"}]},{"@type":"WebSite","@id":"https:\/\/www.carolineswolfs.be\/fr\/#website","url":"https:\/\/www.carolineswolfs.be\/fr\/","name":"Caroline Swolfs","description":"Belgian Jewellery","potentialAction":[{"@type":"SearchAction","target":{"@type":"EntryPoint","urlTemplate":"https:\/\/www.carolineswolfs.be\/fr\/?s={search_term_string}"},"query-input":{"@type":"PropertyValueSpecification","valueRequired":true,"valueName":"search_term_string"}}],"inLanguage":"fr-FR"}]}},"_links":{"self":[{"href":"https:\/\/www.carolineswolfs.be\/fr\/wp-json\/wp\/v2\/product\/4240","targetHints":{"allow":["GET"]}}],"collection":[{"href":"https:\/\/www.carolineswolfs.be\/fr\/wp-json\/wp\/v2\/product"}],"about":[{"href":"https:\/\/www.carolineswolfs.be\/fr\/wp-json\/wp\/v2\/types\/product"}],"wp:featuredmedia":[{"embeddable":true,"href":"https:\/\/www.carolineswolfs.be\/fr\/wp-json\/wp\/v2\/media\/4248"}],"wp:attachment":[{"href":"https:\/\/www.carolineswolfs.be\/fr\/wp-json\/wp\/v2\/media?parent=4240"}],"wp:term":[{"taxonomy":"product_cat","embeddable":true,"href":"https:\/\/www.carolineswolfs.be\/fr\/wp-json\/wp\/v2\/product_cat?post=4240"},{"taxonomy":"product_tag","embeddable":true,"href":"https:\/\/www.carolineswolfs.be\/fr\/wp-json\/wp\/v2\/product_tag?post=4240"}],"curies":[{"name":"wp","href":"https:\/\/api.w.org\/{rel}","templated":true}]}}