{"id":4608,"date":"2017-08-10T15:41:19","date_gmt":"2017-08-10T15:41:19","guid":{"rendered":"http:\/\/carolineswolfs.wpengine.com\/?post_type=product&#038;p=4608\/"},"modified":"2021-01-20T15:49:51","modified_gmt":"2021-01-20T15:49:51","slug":"la-goutte-twist-45mm-earrings","status":"publish","type":"product","link":"https:\/\/www.carolineswolfs.be\/fr\/produit\/la-goutte-twist-45mm-earrings\/","title":{"rendered":"La goutte twist 45 mm earrings"},"content":{"rendered":"<p>\u00a9 Caroline Swolfs<\/p>\n","protected":false},"excerpt":{"rendered":"<p>Les boucles d&#8217;oreilles la goutte twist\u00a0sont disponibles en or jaune 18 carats avec une finition brillante. Ces boucles d&#8217;oreilles ont une longueur de 45 mm.<\/p>\n<p>Elles font partie de la collection The Drop.<\/p>\n<p>Pour toute demande sp\u00e9cifique, veuillez <a href=\"\/?page_id=559\">nous contacter<\/a>.<\/p>\n<p>Le prix peut varier selon la mati\u00e8re, la finition et la taille s\u00e9lectionn\u00e9es. Faites votre s\u00e9lection afin de voir le prix.<\/p>\n","protected":false},"featured_media":14316,"template":"","meta":{"_et_pb_use_builder":"","_et_pb_old_content":"","_et_gb_content_width":"","_mi_skip_tracking":false,"_exactmetrics_sitenote_active":false,"_exactmetrics_sitenote_note":"","_exactmetrics_sitenote_category":0},"product_cat":[167,334],"product_tag":[398],"class_list":["post-4608","product","type-product","status-publish","has-post-thumbnail","hentry","product_cat-boucles-d-oreilles","product_cat-the-drop-fr","product_tag-twist-fr"],"yoast_head":"<!-- This site is optimized with the Yoast SEO plugin v25.3.1 - https:\/\/yoast.com\/wordpress\/plugins\/seo\/ -->\n<title>La goutte twist 45 mm earrings - Caroline Swolfs<\/title>\n<meta name=\"robots\" content=\"index, follow, max-snippet:-1, max-image-preview:large, max-video-preview:-1\" \/>\n<link rel=\"canonical\" href=\"https:\/\/www.carolineswolfs.be\/fr\/produit\/la-goutte-twist-45mm-earrings\/\" \/>\n<meta property=\"og:locale\" content=\"fr_FR\" \/>\n<meta property=\"og:type\" content=\"article\" \/>\n<meta property=\"og:title\" content=\"La goutte twist 45 mm earrings - Caroline Swolfs\" \/>\n<meta property=\"og:description\" content=\"Les boucles d&#039;oreilles la goutte twist\u00a0sont disponibles en or jaune 18 carats avec une finition brillante. Ces boucles d&#039;oreilles ont une longueur de 45 mm.  Elles font partie de la collection The Drop.  Pour toute demande sp\u00e9cifique, veuillez nous contacter.  Le prix peut varier selon la mati\u00e8re, la finition et la taille s\u00e9lectionn\u00e9es. Faites votre s\u00e9lection afin de voir le prix.\" \/>\n<meta property=\"og:url\" content=\"https:\/\/www.carolineswolfs.be\/fr\/produit\/la-goutte-twist-45mm-earrings\/\" \/>\n<meta property=\"og:site_name\" content=\"Caroline Swolfs\" \/>\n<meta property=\"article:modified_time\" content=\"2021-01-20T15:49:51+00:00\" \/>\n<meta property=\"og:image\" content=\"https:\/\/www.carolineswolfs.be\/wp-content\/uploads\/2017\/08\/La-goutte-twist-45cm.jpg\" \/>\n\t<meta property=\"og:image:width\" content=\"2000\" \/>\n\t<meta property=\"og:image:height\" content=\"1780\" \/>\n\t<meta property=\"og:image:type\" content=\"image\/jpeg\" \/>\n<meta name=\"twitter:card\" content=\"summary_large_image\" \/>\n<script type=\"application\/ld+json\" class=\"yoast-schema-graph\">{\"@context\":\"https:\/\/schema.org\",\"@graph\":[{\"@type\":\"WebPage\",\"@id\":\"https:\/\/www.carolineswolfs.be\/fr\/produit\/la-goutte-twist-45mm-earrings\/\",\"url\":\"https:\/\/www.carolineswolfs.be\/fr\/produit\/la-goutte-twist-45mm-earrings\/\",\"name\":\"La goutte twist 45 mm earrings - Caroline Swolfs\",\"isPartOf\":{\"@id\":\"https:\/\/www.carolineswolfs.be\/fr\/#website\"},\"primaryImageOfPage\":{\"@id\":\"https:\/\/www.carolineswolfs.be\/fr\/produit\/la-goutte-twist-45mm-earrings\/#primaryimage\"},\"image\":{\"@id\":\"https:\/\/www.carolineswolfs.be\/fr\/produit\/la-goutte-twist-45mm-earrings\/#primaryimage\"},\"thumbnailUrl\":\"https:\/\/www.carolineswolfs.be\/wp-content\/uploads\/2017\/08\/La-goutte-twist-45cm.jpg\",\"datePublished\":\"2017-08-10T15:41:19+00:00\",\"dateModified\":\"2021-01-20T15:49:51+00:00\",\"breadcrumb\":{\"@id\":\"https:\/\/www.carolineswolfs.be\/fr\/produit\/la-goutte-twist-45mm-earrings\/#breadcrumb\"},\"inLanguage\":\"fr-FR\",\"potentialAction\":[{\"@type\":\"ReadAction\",\"target\":[\"https:\/\/www.carolineswolfs.be\/fr\/produit\/la-goutte-twist-45mm-earrings\/\"]}]},{\"@type\":\"ImageObject\",\"inLanguage\":\"fr-FR\",\"@id\":\"https:\/\/www.carolineswolfs.be\/fr\/produit\/la-goutte-twist-45mm-earrings\/#primaryimage\",\"url\":\"https:\/\/www.carolineswolfs.be\/wp-content\/uploads\/2017\/08\/La-goutte-twist-45cm.jpg\",\"contentUrl\":\"https:\/\/www.carolineswolfs.be\/wp-content\/uploads\/2017\/08\/La-goutte-twist-45cm.jpg\",\"width\":2000,\"height\":1780},{\"@type\":\"BreadcrumbList\",\"@id\":\"https:\/\/www.carolineswolfs.be\/fr\/produit\/la-goutte-twist-45mm-earrings\/#breadcrumb\",\"itemListElement\":[{\"@type\":\"ListItem\",\"position\":1,\"name\":\"Accueil\",\"item\":\"https:\/\/www.carolineswolfs.be\/fr\/\"},{\"@type\":\"ListItem\",\"position\":2,\"name\":\"Boutique\",\"item\":\"https:\/\/www.carolineswolfs.be\/fr\/?page_id=13760\"},{\"@type\":\"ListItem\",\"position\":3,\"name\":\"La goutte twist 45 mm earrings\"}]},{\"@type\":\"WebSite\",\"@id\":\"https:\/\/www.carolineswolfs.be\/fr\/#website\",\"url\":\"https:\/\/www.carolineswolfs.be\/fr\/\",\"name\":\"Caroline Swolfs\",\"description\":\"Belgian Jewellery\",\"potentialAction\":[{\"@type\":\"SearchAction\",\"target\":{\"@type\":\"EntryPoint\",\"urlTemplate\":\"https:\/\/www.carolineswolfs.be\/fr\/?s={search_term_string}\"},\"query-input\":{\"@type\":\"PropertyValueSpecification\",\"valueRequired\":true,\"valueName\":\"search_term_string\"}}],\"inLanguage\":\"fr-FR\"}]}<\/script>\n<!-- \/ Yoast SEO plugin. -->","yoast_head_json":{"title":"La goutte twist 45 mm earrings - Caroline Swolfs","robots":{"index":"index","follow":"follow","max-snippet":"max-snippet:-1","max-image-preview":"max-image-preview:large","max-video-preview":"max-video-preview:-1"},"canonical":"https:\/\/www.carolineswolfs.be\/fr\/produit\/la-goutte-twist-45mm-earrings\/","og_locale":"fr_FR","og_type":"article","og_title":"La goutte twist 45 mm earrings - Caroline Swolfs","og_description":"Les boucles d'oreilles la goutte twist\u00a0sont disponibles en or jaune 18 carats avec une finition brillante. Ces boucles d'oreilles ont une longueur de 45 mm.  Elles font partie de la collection The Drop.  Pour toute demande sp\u00e9cifique, veuillez nous contacter.  Le prix peut varier selon la mati\u00e8re, la finition et la taille s\u00e9lectionn\u00e9es. Faites votre s\u00e9lection afin de voir le prix.","og_url":"https:\/\/www.carolineswolfs.be\/fr\/produit\/la-goutte-twist-45mm-earrings\/","og_site_name":"Caroline Swolfs","article_modified_time":"2021-01-20T15:49:51+00:00","og_image":[{"width":2000,"height":1780,"url":"https:\/\/www.carolineswolfs.be\/wp-content\/uploads\/2017\/08\/La-goutte-twist-45cm.jpg","type":"image\/jpeg"}],"twitter_card":"summary_large_image","schema":{"@context":"https:\/\/schema.org","@graph":[{"@type":"WebPage","@id":"https:\/\/www.carolineswolfs.be\/fr\/produit\/la-goutte-twist-45mm-earrings\/","url":"https:\/\/www.carolineswolfs.be\/fr\/produit\/la-goutte-twist-45mm-earrings\/","name":"La goutte twist 45 mm earrings - Caroline Swolfs","isPartOf":{"@id":"https:\/\/www.carolineswolfs.be\/fr\/#website"},"primaryImageOfPage":{"@id":"https:\/\/www.carolineswolfs.be\/fr\/produit\/la-goutte-twist-45mm-earrings\/#primaryimage"},"image":{"@id":"https:\/\/www.carolineswolfs.be\/fr\/produit\/la-goutte-twist-45mm-earrings\/#primaryimage"},"thumbnailUrl":"https:\/\/www.carolineswolfs.be\/wp-content\/uploads\/2017\/08\/La-goutte-twist-45cm.jpg","datePublished":"2017-08-10T15:41:19+00:00","dateModified":"2021-01-20T15:49:51+00:00","breadcrumb":{"@id":"https:\/\/www.carolineswolfs.be\/fr\/produit\/la-goutte-twist-45mm-earrings\/#breadcrumb"},"inLanguage":"fr-FR","potentialAction":[{"@type":"ReadAction","target":["https:\/\/www.carolineswolfs.be\/fr\/produit\/la-goutte-twist-45mm-earrings\/"]}]},{"@type":"ImageObject","inLanguage":"fr-FR","@id":"https:\/\/www.carolineswolfs.be\/fr\/produit\/la-goutte-twist-45mm-earrings\/#primaryimage","url":"https:\/\/www.carolineswolfs.be\/wp-content\/uploads\/2017\/08\/La-goutte-twist-45cm.jpg","contentUrl":"https:\/\/www.carolineswolfs.be\/wp-content\/uploads\/2017\/08\/La-goutte-twist-45cm.jpg","width":2000,"height":1780},{"@type":"BreadcrumbList","@id":"https:\/\/www.carolineswolfs.be\/fr\/produit\/la-goutte-twist-45mm-earrings\/#breadcrumb","itemListElement":[{"@type":"ListItem","position":1,"name":"Accueil","item":"https:\/\/www.carolineswolfs.be\/fr\/"},{"@type":"ListItem","position":2,"name":"Boutique","item":"https:\/\/www.carolineswolfs.be\/fr\/?page_id=13760"},{"@type":"ListItem","position":3,"name":"La goutte twist 45 mm earrings"}]},{"@type":"WebSite","@id":"https:\/\/www.carolineswolfs.be\/fr\/#website","url":"https:\/\/www.carolineswolfs.be\/fr\/","name":"Caroline Swolfs","description":"Belgian Jewellery","potentialAction":[{"@type":"SearchAction","target":{"@type":"EntryPoint","urlTemplate":"https:\/\/www.carolineswolfs.be\/fr\/?s={search_term_string}"},"query-input":{"@type":"PropertyValueSpecification","valueRequired":true,"valueName":"search_term_string"}}],"inLanguage":"fr-FR"}]}},"_links":{"self":[{"href":"https:\/\/www.carolineswolfs.be\/fr\/wp-json\/wp\/v2\/product\/4608","targetHints":{"allow":["GET"]}}],"collection":[{"href":"https:\/\/www.carolineswolfs.be\/fr\/wp-json\/wp\/v2\/product"}],"about":[{"href":"https:\/\/www.carolineswolfs.be\/fr\/wp-json\/wp\/v2\/types\/product"}],"wp:featuredmedia":[{"embeddable":true,"href":"https:\/\/www.carolineswolfs.be\/fr\/wp-json\/wp\/v2\/media\/14316"}],"wp:attachment":[{"href":"https:\/\/www.carolineswolfs.be\/fr\/wp-json\/wp\/v2\/media?parent=4608"}],"wp:term":[{"taxonomy":"product_cat","embeddable":true,"href":"https:\/\/www.carolineswolfs.be\/fr\/wp-json\/wp\/v2\/product_cat?post=4608"},{"taxonomy":"product_tag","embeddable":true,"href":"https:\/\/www.carolineswolfs.be\/fr\/wp-json\/wp\/v2\/product_tag?post=4608"}],"curies":[{"name":"wp","href":"https:\/\/api.w.org\/{rel}","templated":true}]}}