{"id":4689,"date":"2017-08-10T16:25:14","date_gmt":"2017-08-10T16:25:14","guid":{"rendered":"http:\/\/carolineswolfs.wpengine.com\/?post_type=product&#038;p=4689\/"},"modified":"2019-11-01T11:33:34","modified_gmt":"2019-11-01T11:33:34","slug":"la-goutte-moghol-double-earrings","status":"publish","type":"product","link":"https:\/\/www.carolineswolfs.be\/fr\/produit\/la-goutte-moghol-double-earrings\/","title":{"rendered":"La goutte moghol double earrings"},"content":{"rendered":"<p>\u00a9 Caroline Swolfs<\/p>\n","protected":false},"excerpt":{"rendered":"<p>Les boucles d&#8217;oreilles la goutte Moghol sont disponibles en or jaune 18 carats avec une finition mate. Ces boucles d&#8217;oreilles ont une longueur de 35 mm et une largeur de 17 mm. Deux versions vous sont propos\u00e9es, une goutte de grenat avec des perles de quartz fum\u00e9 ou une goutte d&#8217;am\u00e9thyste avec des perles de tourmalines.<\/p>\n<p>Elles font partie de la collection The Drop.<\/p>\n<form><\/form>\n<p>Pour toute demande sp\u00e9cifique, veuillez <a href=\"\/?page_id=559\">nous contacter<\/a>.<\/p>\n<p>Le prix peut varier selon la mati\u00e8re, la finition et la taille s\u00e9lectionn\u00e9es. Faites votre s\u00e9lection afin de voir le prix.<\/p>\n","protected":false},"featured_media":13577,"template":"","meta":{"_et_pb_use_builder":"","_et_pb_old_content":"","_et_gb_content_width":"","_mi_skip_tracking":false,"_exactmetrics_sitenote_active":false,"_exactmetrics_sitenote_note":"","_exactmetrics_sitenote_category":0},"product_cat":[167,334],"product_tag":[404],"class_list":["post-4689","product","type-product","status-publish","has-post-thumbnail","hentry","product_cat-boucles-d-oreilles","product_cat-the-drop-fr","product_tag-moghol-fr"],"yoast_head":"<!-- This site is optimized with the Yoast SEO plugin v25.3.1 - https:\/\/yoast.com\/wordpress\/plugins\/seo\/ -->\n<title>La goutte moghol double earrings - Caroline Swolfs<\/title>\n<meta name=\"robots\" content=\"index, follow, max-snippet:-1, max-image-preview:large, max-video-preview:-1\" \/>\n<link rel=\"canonical\" href=\"https:\/\/www.carolineswolfs.be\/fr\/produit\/la-goutte-moghol-double-earrings\/\" \/>\n<meta property=\"og:locale\" content=\"fr_FR\" \/>\n<meta property=\"og:type\" content=\"article\" \/>\n<meta property=\"og:title\" content=\"La goutte moghol double earrings - Caroline Swolfs\" \/>\n<meta property=\"og:description\" content=\"Les boucles d&#039;oreilles la goutte Moghol sont disponibles en or jaune 18 carats avec une finition mate. Ces boucles d&#039;oreilles ont une longueur de 35 mm et une largeur de 17 mm. Deux versions vous sont propos\u00e9es, une goutte de grenat avec des perles de quartz fum\u00e9 ou une goutte d&#039;am\u00e9thyste avec des perles de tourmalines.  Elles font partie de la collection The Drop.  Pour toute demande sp\u00e9cifique, veuillez nous contacter.  Le prix peut varier selon la mati\u00e8re, la finition et la taille s\u00e9lectionn\u00e9es. Faites votre s\u00e9lection afin de voir le prix.\" \/>\n<meta property=\"og:url\" content=\"https:\/\/www.carolineswolfs.be\/fr\/produit\/la-goutte-moghol-double-earrings\/\" \/>\n<meta property=\"og:site_name\" content=\"Caroline Swolfs\" \/>\n<meta property=\"article:modified_time\" content=\"2019-11-01T11:33:34+00:00\" \/>\n<meta property=\"og:image\" content=\"https:\/\/www.carolineswolfs.be\/wp-content\/uploads\/2017\/10\/Goutte-moghol-earrings.jpg\" \/>\n\t<meta property=\"og:image:width\" content=\"1000\" \/>\n\t<meta property=\"og:image:height\" content=\"880\" \/>\n\t<meta property=\"og:image:type\" content=\"image\/jpeg\" \/>\n<meta name=\"twitter:card\" content=\"summary_large_image\" \/>\n<script type=\"application\/ld+json\" class=\"yoast-schema-graph\">{\"@context\":\"https:\/\/schema.org\",\"@graph\":[{\"@type\":\"WebPage\",\"@id\":\"https:\/\/www.carolineswolfs.be\/fr\/produit\/la-goutte-moghol-double-earrings\/\",\"url\":\"https:\/\/www.carolineswolfs.be\/fr\/produit\/la-goutte-moghol-double-earrings\/\",\"name\":\"La goutte moghol double earrings - Caroline Swolfs\",\"isPartOf\":{\"@id\":\"https:\/\/www.carolineswolfs.be\/fr\/#website\"},\"primaryImageOfPage\":{\"@id\":\"https:\/\/www.carolineswolfs.be\/fr\/produit\/la-goutte-moghol-double-earrings\/#primaryimage\"},\"image\":{\"@id\":\"https:\/\/www.carolineswolfs.be\/fr\/produit\/la-goutte-moghol-double-earrings\/#primaryimage\"},\"thumbnailUrl\":\"https:\/\/www.carolineswolfs.be\/wp-content\/uploads\/2017\/10\/Goutte-moghol-earrings.jpg\",\"datePublished\":\"2017-08-10T16:25:14+00:00\",\"dateModified\":\"2019-11-01T11:33:34+00:00\",\"breadcrumb\":{\"@id\":\"https:\/\/www.carolineswolfs.be\/fr\/produit\/la-goutte-moghol-double-earrings\/#breadcrumb\"},\"inLanguage\":\"fr-FR\",\"potentialAction\":[{\"@type\":\"ReadAction\",\"target\":[\"https:\/\/www.carolineswolfs.be\/fr\/produit\/la-goutte-moghol-double-earrings\/\"]}]},{\"@type\":\"ImageObject\",\"inLanguage\":\"fr-FR\",\"@id\":\"https:\/\/www.carolineswolfs.be\/fr\/produit\/la-goutte-moghol-double-earrings\/#primaryimage\",\"url\":\"https:\/\/www.carolineswolfs.be\/wp-content\/uploads\/2017\/10\/Goutte-moghol-earrings.jpg\",\"contentUrl\":\"https:\/\/www.carolineswolfs.be\/wp-content\/uploads\/2017\/10\/Goutte-moghol-earrings.jpg\",\"width\":1000,\"height\":880},{\"@type\":\"BreadcrumbList\",\"@id\":\"https:\/\/www.carolineswolfs.be\/fr\/produit\/la-goutte-moghol-double-earrings\/#breadcrumb\",\"itemListElement\":[{\"@type\":\"ListItem\",\"position\":1,\"name\":\"Accueil\",\"item\":\"https:\/\/www.carolineswolfs.be\/fr\/\"},{\"@type\":\"ListItem\",\"position\":2,\"name\":\"Boutique\",\"item\":\"https:\/\/www.carolineswolfs.be\/fr\/?page_id=13760\"},{\"@type\":\"ListItem\",\"position\":3,\"name\":\"La goutte moghol double earrings\"}]},{\"@type\":\"WebSite\",\"@id\":\"https:\/\/www.carolineswolfs.be\/fr\/#website\",\"url\":\"https:\/\/www.carolineswolfs.be\/fr\/\",\"name\":\"Caroline Swolfs\",\"description\":\"Belgian Jewellery\",\"potentialAction\":[{\"@type\":\"SearchAction\",\"target\":{\"@type\":\"EntryPoint\",\"urlTemplate\":\"https:\/\/www.carolineswolfs.be\/fr\/?s={search_term_string}\"},\"query-input\":{\"@type\":\"PropertyValueSpecification\",\"valueRequired\":true,\"valueName\":\"search_term_string\"}}],\"inLanguage\":\"fr-FR\"}]}<\/script>\n<!-- \/ Yoast SEO plugin. -->","yoast_head_json":{"title":"La goutte moghol double earrings - Caroline Swolfs","robots":{"index":"index","follow":"follow","max-snippet":"max-snippet:-1","max-image-preview":"max-image-preview:large","max-video-preview":"max-video-preview:-1"},"canonical":"https:\/\/www.carolineswolfs.be\/fr\/produit\/la-goutte-moghol-double-earrings\/","og_locale":"fr_FR","og_type":"article","og_title":"La goutte moghol double earrings - Caroline Swolfs","og_description":"Les boucles d'oreilles la goutte Moghol sont disponibles en or jaune 18 carats avec une finition mate. Ces boucles d'oreilles ont une longueur de 35 mm et une largeur de 17 mm. Deux versions vous sont propos\u00e9es, une goutte de grenat avec des perles de quartz fum\u00e9 ou une goutte d'am\u00e9thyste avec des perles de tourmalines.  Elles font partie de la collection The Drop.  Pour toute demande sp\u00e9cifique, veuillez nous contacter.  Le prix peut varier selon la mati\u00e8re, la finition et la taille s\u00e9lectionn\u00e9es. Faites votre s\u00e9lection afin de voir le prix.","og_url":"https:\/\/www.carolineswolfs.be\/fr\/produit\/la-goutte-moghol-double-earrings\/","og_site_name":"Caroline Swolfs","article_modified_time":"2019-11-01T11:33:34+00:00","og_image":[{"width":1000,"height":880,"url":"https:\/\/www.carolineswolfs.be\/wp-content\/uploads\/2017\/10\/Goutte-moghol-earrings.jpg","type":"image\/jpeg"}],"twitter_card":"summary_large_image","schema":{"@context":"https:\/\/schema.org","@graph":[{"@type":"WebPage","@id":"https:\/\/www.carolineswolfs.be\/fr\/produit\/la-goutte-moghol-double-earrings\/","url":"https:\/\/www.carolineswolfs.be\/fr\/produit\/la-goutte-moghol-double-earrings\/","name":"La goutte moghol double earrings - Caroline Swolfs","isPartOf":{"@id":"https:\/\/www.carolineswolfs.be\/fr\/#website"},"primaryImageOfPage":{"@id":"https:\/\/www.carolineswolfs.be\/fr\/produit\/la-goutte-moghol-double-earrings\/#primaryimage"},"image":{"@id":"https:\/\/www.carolineswolfs.be\/fr\/produit\/la-goutte-moghol-double-earrings\/#primaryimage"},"thumbnailUrl":"https:\/\/www.carolineswolfs.be\/wp-content\/uploads\/2017\/10\/Goutte-moghol-earrings.jpg","datePublished":"2017-08-10T16:25:14+00:00","dateModified":"2019-11-01T11:33:34+00:00","breadcrumb":{"@id":"https:\/\/www.carolineswolfs.be\/fr\/produit\/la-goutte-moghol-double-earrings\/#breadcrumb"},"inLanguage":"fr-FR","potentialAction":[{"@type":"ReadAction","target":["https:\/\/www.carolineswolfs.be\/fr\/produit\/la-goutte-moghol-double-earrings\/"]}]},{"@type":"ImageObject","inLanguage":"fr-FR","@id":"https:\/\/www.carolineswolfs.be\/fr\/produit\/la-goutte-moghol-double-earrings\/#primaryimage","url":"https:\/\/www.carolineswolfs.be\/wp-content\/uploads\/2017\/10\/Goutte-moghol-earrings.jpg","contentUrl":"https:\/\/www.carolineswolfs.be\/wp-content\/uploads\/2017\/10\/Goutte-moghol-earrings.jpg","width":1000,"height":880},{"@type":"BreadcrumbList","@id":"https:\/\/www.carolineswolfs.be\/fr\/produit\/la-goutte-moghol-double-earrings\/#breadcrumb","itemListElement":[{"@type":"ListItem","position":1,"name":"Accueil","item":"https:\/\/www.carolineswolfs.be\/fr\/"},{"@type":"ListItem","position":2,"name":"Boutique","item":"https:\/\/www.carolineswolfs.be\/fr\/?page_id=13760"},{"@type":"ListItem","position":3,"name":"La goutte moghol double earrings"}]},{"@type":"WebSite","@id":"https:\/\/www.carolineswolfs.be\/fr\/#website","url":"https:\/\/www.carolineswolfs.be\/fr\/","name":"Caroline Swolfs","description":"Belgian Jewellery","potentialAction":[{"@type":"SearchAction","target":{"@type":"EntryPoint","urlTemplate":"https:\/\/www.carolineswolfs.be\/fr\/?s={search_term_string}"},"query-input":{"@type":"PropertyValueSpecification","valueRequired":true,"valueName":"search_term_string"}}],"inLanguage":"fr-FR"}]}},"_links":{"self":[{"href":"https:\/\/www.carolineswolfs.be\/fr\/wp-json\/wp\/v2\/product\/4689","targetHints":{"allow":["GET"]}}],"collection":[{"href":"https:\/\/www.carolineswolfs.be\/fr\/wp-json\/wp\/v2\/product"}],"about":[{"href":"https:\/\/www.carolineswolfs.be\/fr\/wp-json\/wp\/v2\/types\/product"}],"wp:featuredmedia":[{"embeddable":true,"href":"https:\/\/www.carolineswolfs.be\/fr\/wp-json\/wp\/v2\/media\/13577"}],"wp:attachment":[{"href":"https:\/\/www.carolineswolfs.be\/fr\/wp-json\/wp\/v2\/media?parent=4689"}],"wp:term":[{"taxonomy":"product_cat","embeddable":true,"href":"https:\/\/www.carolineswolfs.be\/fr\/wp-json\/wp\/v2\/product_cat?post=4689"},{"taxonomy":"product_tag","embeddable":true,"href":"https:\/\/www.carolineswolfs.be\/fr\/wp-json\/wp\/v2\/product_tag?post=4689"}],"curies":[{"name":"wp","href":"https:\/\/api.w.org\/{rel}","templated":true}]}}